{"id":23,"date":"2011-09-22T14:15:18","date_gmt":"2011-09-22T14:15:18","guid":{"rendered":"http:\/\/taunuslan.net\/preview\/?page_id=23"},"modified":"2025-08-24T09:58:16","modified_gmt":"2025-08-24T07:58:16","slug":"impressum","status":"publish","type":"page","link":"https:\/\/taunuslan.net\/site\/impressum\/","title":{"rendered":"Impressum"},"content":{"rendered":"\n<div align=\"left\"><strong>TaunusLAN e.V.<\/strong><\/div>\n\n\n\n<div align=\"left\">Friedrich-Ebert-Str. 8<br>65830 Kriftel<\/div>\n\n\n\n<div style=\"margin-top: 5px;\" align=\"left\">E-Mail: info@taunuslan.net<\/div>\n\n\n\n<p>Telefon: +49 (0) 6192&nbsp;470 11 77<\/p>\n\n\n\n<h2 class=\"wp-block-heading impressum-header\"><strong>Vereinsregister<\/strong><\/h2>\n\n\n\n<div align=\"left\">Amtsgericht Frankfurt\/Main<br>Vereinsregister-Nr.: 12407<\/div>\n\n\n\n<h2 class=\"wp-block-heading impressum-header\"><strong>Vertreten durch<\/strong><\/h2>\n\n\n\n<p>Markus Ziegler<br>Alexandra Rothardt<br>Thorsten Volland<\/p>\n\n\n\n<h2 class=\"wp-block-heading impressum-header\"><strong>Konto<\/strong><\/h2>\n\n\n\n<div align=\"left\"><strong>Kontoinhaber:<\/strong> TaunusLAN e.V.<\/div>\n<div align=\"left\"><b>IBAN:<\/b> DE56&nbsp; 5019&nbsp; 0000&nbsp; 0044&nbsp; 2962&nbsp; 09 (DE56501900000044296209)<\/div>\n<div align=\"left\"><b>BIC:<\/b> FFVB&nbsp; DEFF&nbsp; XXX (FFVBDEFFXXX)<\/div>\n<div align=\"left\"><b>Bank:<\/b> Frankfurter Volksbank<\/div>\n\n\n\n<p><\/p>\n\n\n\n<h2 class=\"wp-block-heading impressum-header\"><strong>Verantwortlich f\u00fcr den Inhalt nach \u00a7 55 Abs. 2 RStV:<\/strong><\/h2>\n\n\n\n<div align=\"left\">Markus Ziegler, Friedrich-Ebert-Str. 8, 65830 Kriftel<\/div>\n\n\n\n<h2 class=\"wp-block-heading impressum-header\"><strong>Wirtschafts-Identifikationsnummer nach \u00a7139c der Abgabenordnung (AO):<\/strong><\/h2>\n\n\n\n<div align=\"left\">DE433732105<\/div>\n\n\n\n\n\n<div style=\"height:31px\" aria-hidden=\"true\" class=\"wp-block-spacer\"><\/div>\n\n\n\n<hr class=\"wp-block-separator has-alpha-channel-opacity impressum-header\"\/>\n\n\n\n<div style=\"height:31px\" aria-hidden=\"true\" class=\"wp-block-spacer\"><\/div>\n\n\n\n<h2 class=\"wp-block-heading\"><strong>Nutzungsregeln<\/strong><\/h2>\n\n\n\n<p><strong>Haftung f\u00fcr Inhalte<\/strong><\/p>\n\n\n\n<p>Die Inhalte unserer Seiten wurden mit gr\u00f6\u00dfter Sorgfalt erstellt. F\u00fcr die Richtigkeit, Vollst\u00e4ndigkeit und Aktualit\u00e4t der Inhalte k\u00f6nnen wir jedoch keine Gew\u00e4hr \u00fcbernehmen. Als Diensteanbieter sind wir gem\u00e4\u00df \u00a7 7 Abs.1 DDG f\u00fcr eigene Inhalte auf diesen Seiten nach den allgemeinen Gesetzen verantwortlich. Nach \u00a7\u00a7 8 bis 10 DDG sind wir als Diensteanbieter jedoch nicht verpflichtet, \u00fcbermittelte oder gespeicherte fremde Informationen zu \u00fcberwachen oder nach Umst\u00e4nden zu forschen, die auf eine rechtswidrige T\u00e4tigkeit hinweisen. Verpflichtungen zur Entfernung oder Sperrung der Nutzung von Informationen nach den allgemeinen Gesetzen bleiben hiervon unber\u00fchrt. Eine diesbez\u00fcgliche Haftung ist jedoch erst ab dem Zeitpunkt der Kenntnis einer konkreten Rechtsverletzung m\u00f6glich. Bei Bekanntwerden von entsprechenden Rechtsverletzungen werden wir diese Inhalte umgehend entfernen.<\/p>\n\n\n\n<p><strong>Haftung f\u00fcr Links<\/strong><\/p>\n\n\n\n<p>Unser Angebot enth\u00e4lt Links zu externen Webseiten Dritter, auf deren Inhalte wir keinen Einfluss haben. Deshalb k\u00f6nnen wir f\u00fcr diese fremden Inhalte auch keine Gew\u00e4hr \u00fcbernehmen. F\u00fcr die Inhalte der verlinkten Seiten ist stets der jeweilige Anbieter oder Betreiber der Seiten verantwortlich. Die verlinkten Seiten wurden zum Zeitpunkt der Verlinkung auf m\u00f6gliche Rechtsverst\u00f6\u00dfe \u00fcberpr\u00fcft. Rechtswidrige Inhalte waren zum Zeitpunkt der Verlinkung nicht erkennbar. Eine permanente inhaltliche Kontrolle der verlinkten Seiten ist jedoch ohne konkrete Anhaltspunkte einer Rechtsverletzung nicht zumutbar. Bei Bekanntwerden von Rechtsverletzungen werden wir derartige Links umgehend entfernen.<\/p>\n\n\n\n<p><strong>Urheberrecht<\/strong><\/p>\n\n\n\n<p>Die durch die Seitenbetreiber erstellten Inhalte und Werke auf diesen Seiten unterliegen dem deutschen Urheberrecht. Die Vervielf\u00e4ltigung, Bearbeitung, Verbreitung und jede Art der Verwertung au\u00dferhalb der Grenzen des Urheberrechtes bed\u00fcrfen der schriftlichen Zustimmung des jeweiligen Autors bzw. Erstellers. Downloads und Kopien dieser Seite sind nur f\u00fcr den privaten, nicht kommerziellen Gebrauch gestattet. Soweit die Inhalte auf dieser Seite nicht vom Betreiber erstellt wurden, werden die Urheberrechte Dritter beachtet. Insbesondere werden Inhalte Dritter als solche gekennzeichnet. Sollten Sie trotzdem auf eine Urheberrechtsverletzung aufmerksam werden, bitten wir um einen entsprechenden Hinweis. Bei Bekanntwerden von Rechtsverletzungen werden wir derartige Inhalte umgehend entfernen.<\/p>\n\n\n\n<p><i>Quellverweis: <a href=\"http:\/\/www.e-recht24.de\/muster-disclaimer.htm\" target=\"_blank\" rel=\"noopener\">Disclaimer<\/a> von eRecht24, dem Portal zum Internetrecht von Rechtsanwalt S\u00f6ren Siebert<\/i><\/p>\n","protected":false},"excerpt":{"rendered":"<p>TaunusLAN e.V. Friedrich-Ebert-Str. 865830 Kriftel E-Mail: info@taunuslan.net Telefon: +49 (0) 6192&nbsp;470 11 77 Vereinsregister Amtsgericht Frankfurt\/MainVereinsregister-Nr.: 12407 Vertreten durch Markus ZieglerAlexandra RothardtThorsten Volland Konto Kontoinhaber: TaunusLAN e.V. IBAN: DE56&nbsp; 5019&nbsp; 0000&nbsp; 0044&nbsp; 2962&nbsp; 09 (DE56501900000044296209) BIC: FFVB&nbsp; DEFF&nbsp; XXX (FFVBDEFFXXX) Bank: Frankfurter Volksbank Verantwortlich f\u00fcr den Inhalt nach \u00a7 55 Abs. 2 RStV: Markus Ziegler, [&hellip;]<\/p>\n","protected":false},"author":1,"featured_media":0,"parent":0,"menu_order":0,"comment_status":"closed","ping_status":"open","template":"","meta":{"ngg_post_thumbnail":0,"ocean_post_layout":"","ocean_both_sidebars_style":"","ocean_both_sidebars_content_width":0,"ocean_both_sidebars_sidebars_width":0,"ocean_sidebar":"","ocean_second_sidebar":"","ocean_disable_margins":"enable","ocean_add_body_class":"","ocean_shortcode_before_top_bar":"","ocean_shortcode_after_top_bar":"","ocean_shortcode_before_header":"","ocean_shortcode_after_header":"","ocean_has_shortcode":"","ocean_shortcode_after_title":"","ocean_shortcode_before_footer_widgets":"","ocean_shortcode_after_footer_widgets":"","ocean_shortcode_before_footer_bottom":"","ocean_shortcode_after_footer_bottom":"","ocean_display_top_bar":"default","ocean_display_header":"default","ocean_header_style":"","ocean_center_header_left_menu":"","ocean_custom_header_template":"","ocean_custom_logo":0,"ocean_custom_retina_logo":0,"ocean_custom_logo_max_width":0,"ocean_custom_logo_tablet_max_width":0,"ocean_custom_logo_mobile_max_width":0,"ocean_custom_logo_max_height":0,"ocean_custom_logo_tablet_max_height":0,"ocean_custom_logo_mobile_max_height":0,"ocean_header_custom_menu":"","ocean_menu_typo_font_family":"","ocean_menu_typo_font_subset":"","ocean_menu_typo_font_size":0,"ocean_menu_typo_font_size_tablet":0,"ocean_menu_typo_font_size_mobile":0,"ocean_menu_typo_font_size_unit":"px","ocean_menu_typo_font_weight":"","ocean_menu_typo_font_weight_tablet":"","ocean_menu_typo_font_weight_mobile":"","ocean_menu_typo_transform":"","ocean_menu_typo_transform_tablet":"","ocean_menu_typo_transform_mobile":"","ocean_menu_typo_line_height":0,"ocean_menu_typo_line_height_tablet":0,"ocean_menu_typo_line_height_mobile":0,"ocean_menu_typo_line_height_unit":"","ocean_menu_typo_spacing":0,"ocean_menu_typo_spacing_tablet":0,"ocean_menu_typo_spacing_mobile":0,"ocean_menu_typo_spacing_unit":"","ocean_menu_link_color":"","ocean_menu_link_color_hover":"","ocean_menu_link_color_active":"","ocean_menu_link_background":"","ocean_menu_link_hover_background":"","ocean_menu_link_active_background":"","ocean_menu_social_links_bg":"","ocean_menu_social_hover_links_bg":"","ocean_menu_social_links_color":"","ocean_menu_social_hover_links_color":"","ocean_disable_title":"default","ocean_disable_heading":"default","ocean_post_title":"","ocean_post_subheading":"","ocean_post_title_style":"","ocean_post_title_background_color":"","ocean_post_title_background":0,"ocean_post_title_bg_image_position":"","ocean_post_title_bg_image_attachment":"","ocean_post_title_bg_image_repeat":"","ocean_post_title_bg_image_size":"","ocean_post_title_height":0,"ocean_post_title_bg_overlay":0.5,"ocean_post_title_bg_overlay_color":"","ocean_disable_breadcrumbs":"default","ocean_breadcrumbs_color":"","ocean_breadcrumbs_separator_color":"","ocean_breadcrumbs_links_color":"","ocean_breadcrumbs_links_hover_color":"","ocean_display_footer_widgets":"default","ocean_display_footer_bottom":"default","ocean_custom_footer_template":"","footnotes":""},"class_list":["post-23","page","type-page","status-publish","hentry","entry"],"_links":{"self":[{"href":"https:\/\/taunuslan.net\/site\/wp-json\/wp\/v2\/pages\/23","targetHints":{"allow":["GET"]}}],"collection":[{"href":"https:\/\/taunuslan.net\/site\/wp-json\/wp\/v2\/pages"}],"about":[{"href":"https:\/\/taunuslan.net\/site\/wp-json\/wp\/v2\/types\/page"}],"author":[{"embeddable":true,"href":"https:\/\/taunuslan.net\/site\/wp-json\/wp\/v2\/users\/1"}],"replies":[{"embeddable":true,"href":"https:\/\/taunuslan.net\/site\/wp-json\/wp\/v2\/comments?post=23"}],"version-history":[{"count":47,"href":"https:\/\/taunuslan.net\/site\/wp-json\/wp\/v2\/pages\/23\/revisions"}],"predecessor-version":[{"id":1849,"href":"https:\/\/taunuslan.net\/site\/wp-json\/wp\/v2\/pages\/23\/revisions\/1849"}],"wp:attachment":[{"href":"https:\/\/taunuslan.net\/site\/wp-json\/wp\/v2\/media?parent=23"}],"curies":[{"name":"wp","href":"https:\/\/api.w.org\/{rel}","templated":true}]}}