{"id":79,"date":"2012-02-23T15:47:07","date_gmt":"2012-02-23T13:47:07","guid":{"rendered":"http:\/\/taunuslan.net\/preview\/?page_id=79"},"modified":"2023-12-31T10:58:12","modified_gmt":"2023-12-31T09:58:12","slug":"sponsoren","status":"publish","type":"page","link":"https:\/\/taunuslan.net\/site\/sponsoren\/","title":{"rendered":"Sponsoren"},"content":{"rendered":"<p>Bei den folgenden Sponsoren m\u00f6chten wir uns herzlich f\u00fcr ihren Beitrag zu unserer Veranstaltung bedanken.<\/p>\n<div>\n<div style=\"height: 5px;\">&nbsp;<\/div>\n<table style=\"border: 0px;\">\n<tbody>\n<tr>\n<td style=\"width: 25%; vertical-align: top;\"><a href=\"http:\/\/www.dfs.de\/\" target=\"_blank\" rel=\"noopener noreferrer\"><img decoding=\"async\" title=\"Deutsche Flugsicherung GmbH\" src=\"https:\/\/www.taunuslan.net\/site\/images\/sponsor\/dfs_logo.gif\" alt=\"\" width=\"133\" border=\"0\"><\/a><\/td>\n<td>\n<h3 style=\"font-size: 18px;\"><b><a href=\"http:\/\/www.dfs.de\/\" target=\"_blank\" rel=\"noopener noreferrer\">Deutsche Flugsicherung GmbH<\/a><\/b><\/h3>\n<p style=\"text-align: justify;\">Die DFS Deutsche Flugsicherung GmbH ist ein bundeseigenes, privatrechtlich organisiertes Unternehmen mit 5.500 Mitarbeitern. Die DFS sorgt f\u00fcr einen sicheren und p\u00fcnktlichen Flugverlauf. Die Mitarbeiter koordinieren t\u00e4glich bis zu 10.000 Flugbewegungen im deutschen Luftraum, im Jahr rund 3,3 Millionen. Deutschland ist damit das verkehrsreichste Land in Europa. Das Unternehmen betreibt Kontrollzentralen in Langen, Bremen, Karlsruhe und M\u00fcnchen. Zudem ist die DFS in der Eurocontrol-Zentrale in Maastricht vertreten und in den Kontrollt\u00fcrmen der 16 internationalen Flugh\u00e4fen. Die DFS erbringt weltweit Beratungs- und Trainingsleistungen und entwickelt und vertreibt Flugsicherungssysteme. Auch flugrelevante Daten, Luftfahrtpublikationen und Flugberatung geh\u00f6ren zum Angebot. Die DFS hat folgende Gesch\u00e4ftsbereiche: Center, Tower, Aeronautical Solutions und Aeronautical Information Management.<\/p>\n<\/td>\n<\/tr>\n<tr>\n<td style=\"width: 25%; vertical-align: top;\"><a href=\"http:\/\/www.fraport.de\/\" target=\"_blank\" rel=\"noopener noreferrer\"><img decoding=\"async\" title=\"Fraport AG\" src=\"https:\/\/www.taunuslan.net\/site\/images\/sponsor\/fraport.gif\" alt=\"\" width=\"120\" border=\"0\"><\/a><\/td>\n<td>\n<h3 style=\"font-size: 18px;\"><b><a href=\"http:\/\/www.fraport.de\/\" target=\"_blank\" rel=\"noopener noreferrer\">Fraport<\/a><\/b><\/h3>\n<h3 style=\"font-size: 18px;\"><b>&nbsp;<\/b><\/h3>\n<\/td>\n<\/tr>\n<\/tbody>\n<\/table>\n<\/div>\n","protected":false},"excerpt":{"rendered":"<p>Bei den folgenden Sponsoren m\u00f6chten wir uns herzlich f\u00fcr ihren Beitrag zu unserer Veranstaltung bedanken. &nbsp; Deutsche Flugsicherung GmbH Die DFS Deutsche Flugsicherung GmbH ist ein bundeseigenes, privatrechtlich organisiertes Unternehmen mit 5.500 Mitarbeitern. Die DFS sorgt f\u00fcr einen sicheren und p\u00fcnktlichen Flugverlauf. Die Mitarbeiter koordinieren t\u00e4glich bis zu 10.000 Flugbewegungen im deutschen Luftraum, im Jahr [&hellip;]<\/p>\n","protected":false},"author":3,"featured_media":0,"parent":0,"menu_order":5,"comment_status":"open","ping_status":"open","template":"","meta":{"ngg_post_thumbnail":0,"ocean_post_layout":"","ocean_both_sidebars_style":"","ocean_both_sidebars_content_width":0,"ocean_both_sidebars_sidebars_width":0,"ocean_sidebar":"","ocean_second_sidebar":"","ocean_disable_margins":"enable","ocean_add_body_class":"","ocean_shortcode_before_top_bar":"","ocean_shortcode_after_top_bar":"","ocean_shortcode_before_header":"","ocean_shortcode_after_header":"","ocean_has_shortcode":"","ocean_shortcode_after_title":"","ocean_shortcode_before_footer_widgets":"","ocean_shortcode_after_footer_widgets":"","ocean_shortcode_before_footer_bottom":"","ocean_shortcode_after_footer_bottom":"","ocean_display_top_bar":"default","ocean_display_header":"default","ocean_header_style":"","ocean_center_header_left_menu":"","ocean_custom_header_template":"","ocean_custom_logo":0,"ocean_custom_retina_logo":0,"ocean_custom_logo_max_width":0,"ocean_custom_logo_tablet_max_width":0,"ocean_custom_logo_mobile_max_width":0,"ocean_custom_logo_max_height":0,"ocean_custom_logo_tablet_max_height":0,"ocean_custom_logo_mobile_max_height":0,"ocean_header_custom_menu":"","ocean_menu_typo_font_family":"","ocean_menu_typo_font_subset":"","ocean_menu_typo_font_size":0,"ocean_menu_typo_font_size_tablet":0,"ocean_menu_typo_font_size_mobile":0,"ocean_menu_typo_font_size_unit":"px","ocean_menu_typo_font_weight":"","ocean_menu_typo_font_weight_tablet":"","ocean_menu_typo_font_weight_mobile":"","ocean_menu_typo_transform":"","ocean_menu_typo_transform_tablet":"","ocean_menu_typo_transform_mobile":"","ocean_menu_typo_line_height":0,"ocean_menu_typo_line_height_tablet":0,"ocean_menu_typo_line_height_mobile":0,"ocean_menu_typo_line_height_unit":"","ocean_menu_typo_spacing":0,"ocean_menu_typo_spacing_tablet":0,"ocean_menu_typo_spacing_mobile":0,"ocean_menu_typo_spacing_unit":"","ocean_menu_link_color":"","ocean_menu_link_color_hover":"","ocean_menu_link_color_active":"","ocean_menu_link_background":"","ocean_menu_link_hover_background":"","ocean_menu_link_active_background":"","ocean_menu_social_links_bg":"","ocean_menu_social_hover_links_bg":"","ocean_menu_social_links_color":"","ocean_menu_social_hover_links_color":"","ocean_disable_title":"default","ocean_disable_heading":"default","ocean_post_title":"","ocean_post_subheading":"","ocean_post_title_style":"","ocean_post_title_background_color":"","ocean_post_title_background":0,"ocean_post_title_bg_image_position":"","ocean_post_title_bg_image_attachment":"","ocean_post_title_bg_image_repeat":"","ocean_post_title_bg_image_size":"","ocean_post_title_height":0,"ocean_post_title_bg_overlay":0.5,"ocean_post_title_bg_overlay_color":"","ocean_disable_breadcrumbs":"default","ocean_breadcrumbs_color":"","ocean_breadcrumbs_separator_color":"","ocean_breadcrumbs_links_color":"","ocean_breadcrumbs_links_hover_color":"","ocean_display_footer_widgets":"default","ocean_display_footer_bottom":"default","ocean_custom_footer_template":"","footnotes":""},"class_list":["post-79","page","type-page","status-publish","hentry","entry"],"_links":{"self":[{"href":"https:\/\/taunuslan.net\/site\/wp-json\/wp\/v2\/pages\/79","targetHints":{"allow":["GET"]}}],"collection":[{"href":"https:\/\/taunuslan.net\/site\/wp-json\/wp\/v2\/pages"}],"about":[{"href":"https:\/\/taunuslan.net\/site\/wp-json\/wp\/v2\/types\/page"}],"author":[{"embeddable":true,"href":"https:\/\/taunuslan.net\/site\/wp-json\/wp\/v2\/users\/3"}],"replies":[{"embeddable":true,"href":"https:\/\/taunuslan.net\/site\/wp-json\/wp\/v2\/comments?post=79"}],"version-history":[{"count":118,"href":"https:\/\/taunuslan.net\/site\/wp-json\/wp\/v2\/pages\/79\/revisions"}],"predecessor-version":[{"id":1712,"href":"https:\/\/taunuslan.net\/site\/wp-json\/wp\/v2\/pages\/79\/revisions\/1712"}],"wp:attachment":[{"href":"https:\/\/taunuslan.net\/site\/wp-json\/wp\/v2\/media?parent=79"}],"curies":[{"name":"wp","href":"https:\/\/api.w.org\/{rel}","templated":true}]}}