{"id":81,"date":"2012-02-23T15:47:46","date_gmt":"2012-02-23T13:47:46","guid":{"rendered":"http:\/\/taunuslan.net\/preview\/?page_id=81"},"modified":"2024-10-15T11:12:36","modified_gmt":"2024-10-15T09:12:36","slug":"agb","status":"publish","type":"page","link":"https:\/\/taunuslan.net\/site\/veranstaltung\/agb\/","title":{"rendered":"Regeln (AGB)"},"content":{"rendered":"<p><strong>Allgemeine Gesch\u00e4ftsbedingungen f\u00fcr Veranstaltungen des TaunusLAN e.V.:<\/strong><\/p>\n<table id=\"agb\" style=\"width: 100.238%; height: 1487px;\" border=\"0\" cellspacing=\"0\" cellpadding=\"0\">\n<tbody>\n<tr style=\"height: 41px;\" valign=\"top\">\n<td style=\"height: 41px; width: 9%;\" width=\"9%\">\n<div><strong>\u00a7 1<\/strong><\/div>\n<\/td>\n<td style=\"height: 41px; width: 91%;\" width=\"91%\">\n<div>Der Verein TaunusLAN, im folgenden TaunusLAN e.V. genannt, erbringt alle Leistungen ausschlie\u00dflich auf Grundlage dieser Gesch\u00e4ftsbedingungen.<\/div>\n<\/td>\n<\/tr>\n<tr style=\"height: 166px;\" valign=\"top\">\n<td style=\"height: 166px; width: 9%;\">\n<div><strong>\u00a7 2<\/strong><\/div>\n<\/td>\n<td style=\"height: 166px; width: 91%;\">\n<div>TaunusLAN e.V. ist berechtigt, diese Allgemeinen Gesch\u00e4ftsbedingungen mit einer angemessenen Ank\u00fcndigungsfrist zu \u00e4ndern oder zu erg\u00e4nzen. Die Ank\u00fcndigung erfolgt ausschlie\u00dflich durch Ver\u00f6ffentlichung im Internet auf den Seiten von TaunusLAN e.V. Die neuen Bedingungen werden im Internet ver\u00f6ffentlich und treten f\u00fcr die darauffolgenden Veranstaltungen in Kraft. Teilnehmer m\u00fcssen bei der Anmeldung\/Reservierung zu einer Veranstaltung den jeweils aktuellen AGB zustimmen.<\/div>\n<div>In der Regel werden neue Gesch\u00e4ftsbedingungen nicht innerhalb der Anmeldephase zu einer Veranstaltung ver\u00f6ffentlicht. Ist eine \u00c4nderung innerhalb einer Anmeldephase n\u00f6tig, werden alle bereits angemeldeten Teilnehmer aufgefordert, den neuen AGB zuzustimmen. Erfolgt diese Zustimmung nicht, ist TaunusLAN e.V. berechtigt, die Anmeldung zur Veranstaltung zu stornieren.<\/div>\n<\/td>\n<\/tr>\n<tr style=\"height: 41px;\" valign=\"top\">\n<td style=\"height: 41px; width: 9%;\">\n<div><strong>\u00a7 3<\/strong><\/div>\n<\/td>\n<td style=\"height: 41px; width: 91%;\">\n<div>Das Mindestalter zur Teilnahme einer Veranstaltung des TaunusLAN e.V. betr\u00e4gt 18 Jahre. Zur Best\u00e4tigung des Alters ist ein Lichtbildausweis (Personalausweis oder F\u00fchrerschein) vorzuzeigen.<\/div>\n<\/td>\n<\/tr>\n<tr style=\"height: 124px;\" valign=\"top\">\n<td style=\"height: 123px; width: 9%;\">\n<div><strong>\u00a7 4<\/strong><\/div>\n<\/td>\n<td style=\"height: 123px; width: 91%;\">\n<div>Der TaunusLAN e.V. stellt auf den Veranstaltungen einen Raum und einen Netzwerkzugang zur Verf\u00fcgung. Anderes Equipment (Computer mit Netzwerkkarte, RJ45 Netzwerkkabel (Twisted Pair), etc.) m\u00fcssen vom Teilnehmer selbst gestellt werden. Das Benutzen von Lautsprechern ist untersagt. Gleiches gilt f\u00fcr die Mitnahme von elektrischen Ger\u00e4ten, (Mikrowelle, Toaster, Wasserkocher etc.), die \u00fcber das f\u00fcr eine LAN-Party n\u00f6tige Equipment hinausgehen. Ger\u00e4te wie Hubs, Switches und Gameserver m\u00fcssen vorher angemeldet werden.<\/div>\n<\/td>\n<\/tr>\n<tr style=\"height: 41px;\" valign=\"top\">\n<td style=\"height: 41px; width: 9%;\">\n<div><strong>\u00a7 5<\/strong><\/div>\n<\/td>\n<td style=\"height: 41px; width: 91%;\">\n<div>Der TaunusLAN e.V. \u00fcbernimmt auf Veranstaltungen keinerlei Haftung f\u00fcr das Eigentum des Teilnehmers oder f\u00fcr vom Teilnehmer selbstverschuldete Unf\u00e4lle.<\/div>\n<\/td>\n<\/tr>\n<tr style=\"height: 83px;\" valign=\"top\">\n<td style=\"height: 83px; width: 9%;\">\n<div><strong>\u00a7 6<\/strong><\/div>\n<\/td>\n<td style=\"height: 83px; width: 91%;\">\n<div>Der TaunusLAN e.V. \u00fcbernimmt keine Haftung f\u00fcr Sch\u00e4den, die an der Soft- oder Hardware des Rechners durch eventuelle Viren, das Aufspielen von Programmen, Umkonfiguration des Betriebssystems, etc. entstehen. F\u00fcr evtl. auftretende Fehlfunktionen, die durch eine von TaunusLAN e.V. unterst\u00fctzte Konfiguration des Netzwerkes und der Programme entstehen, wird keine Haftung \u00fcbernommen.<\/div>\n<\/td>\n<\/tr>\n<tr style=\"height: 20px;\" valign=\"top\">\n<td style=\"height: 20px; width: 9%;\">\n<div><strong>\u00a7 7<\/strong><\/div>\n<\/td>\n<td style=\"height: 20px; width: 91%;\">\n<div>Es darf auf der Party ohne Zustimmung des Veranstalters nichts an- oder verkauft werden.<\/div>\n<\/td>\n<\/tr>\n<tr style=\"height: 62px;\" valign=\"top\">\n<td style=\"height: 62px; width: 9%;\">\n<div><strong>\u00a7 8<\/strong><\/div>\n<\/td>\n<td style=\"height: 62px; width: 91%;\">\n<div>Jeder Versto\u00df gegen geltendes Recht, (z.B. die Verbreitung rassistischer, faschistischer oder kinderpornographischer Inhalte) kann zum Ausschluss von der Veranstaltung f\u00fchren, sowie die Sicherstellung der Beweismittel und Anzeige bei den Strafverfolgungsbeh\u00f6rden nach sich ziehen.<\/div>\n<\/td>\n<\/tr>\n<tr style=\"height: 62px;\" valign=\"top\">\n<td style=\"height: 62px; width: 9%;\">\n<div><strong>\u00a7 9<\/strong><\/div>\n<\/td>\n<td style=\"height: 62px; width: 91%;\">\n<div>Jeder Teilnehmer ist f\u00fcr die auf seinem Rechner aufgespielte Software selbst verantwortlich. Gegen den Veranstalter sind keine Anspr\u00fcche wegen auf Computern der Teilnehmer aufgespielter Software zu erheben.<\/div>\n<\/td>\n<\/tr>\n<tr style=\"height: 20px;\" valign=\"top\">\n<td style=\"height: 20px; width: 9%;\">\n<div><strong>\u00a7 10<\/strong><\/div>\n<\/td>\n<td style=\"height: 20px; width: 91%;\">\n<div>F\u00fcr gesundheitliche Sch\u00e4den \u00fcbernimmt der Veranstalter keine Haftung.<\/div>\n<\/td>\n<\/tr>\n<tr style=\"height: 62px;\" valign=\"top\">\n<td style=\"height: 62px; width: 9%;\">\n<div><strong>\u00a7 11<\/strong><\/div>\n<\/td>\n<td style=\"height: 62px; width: 91%;\">\n<div>Jedem Teilnehmer wird mit Eingang des Eintrittsgeldes ein Platz reserviert. Diesen kann der Teilnehmer aus der Menge freier Sitzpl\u00e4tze ausw\u00e4hlen. Per Vorkasse kann nur bis zum angek\u00fcndigten \u00dcberweisungsschluss \u00fcberwiesen werden.<\/div>\n<\/td>\n<\/tr>\n<tr style=\"height: 103px;\" valign=\"top\">\n<td style=\"height: 103px; width: 9%;\">\n<div><strong>\u00a7 12<\/strong><\/div>\n<\/td>\n<td style=\"height: 103px; width: 91%;\">\n<div>Der Teilnehmer kann sich bis 14 Tage vor der Veranstaltung von dieser abmelden und damit diesen Vertrag k\u00fcndigen. Die Abmeldung muss schriftlich (per E-Mail oder Post) erfolgen. In diesem Fall wird das bereits gezahlte Eintrittsgeld zur\u00fcck\u00fcberwiesen.<br>Erscheint ein Teilnehmer nicht zur Veranstaltung oder meldet sich nicht fristgerecht ab, beh\u00e4lt sich der TaunusLAN e.V. das Recht vor, den gezahlten Eintritt einzubehalten..<\/div>\n<\/td>\n<\/tr>\n<tr style=\"height: 41px;\" valign=\"top\">\n<td style=\"height: 41px; width: 9%;\">\n<div><strong>\u00a7 13<\/strong><\/div>\n<\/td>\n<td style=\"height: 41px; width: 91%;\">\n<div>Der TaunusLAN e.V. nimmt sich das Recht, die Veranstaltung, auch kurzfristig, abzusagen. Jegliche eventuell bereits gezahlten Eintrittsgelder werden zur\u00fcckerstattet.<\/div>\n<\/td>\n<\/tr>\n<tr style=\"height: 62px;\" valign=\"top\">\n<td style=\"height: 62px; width: 9%;\">\n<div><strong>\u00a7 14<\/strong><\/div>\n<\/td>\n<td style=\"height: 62px; width: 91%;\">\n<div>Jegliche Besch\u00e4digung an den Tischen, St\u00fchlen etc. muss unverz\u00fcglich gemeldet werden. Sollte eine Besch\u00e4digung nicht gemeldet werden, so wird diese, auch wenn nicht selbst verursacht, dem Teilnehmer in Rechnung gestellt, der laut Raumplan auf diesem Platz sitzt.<\/div>\n<\/td>\n<\/tr>\n<tr style=\"height: 41px;\" valign=\"top\">\n<td style=\"height: 41px; width: 9%;\">\n<div><strong>\u00a7 15<\/strong><\/div>\n<\/td>\n<td style=\"height: 41px; width: 91%;\">\n<div>Der Genuss von Alkohol ist erlaubt. Auff\u00e4llig werdende Personen m\u00fcssen damit rechnen, von der Veranstaltung ausgeschlossen zu werden.<\/div>\n<\/td>\n<\/tr>\n<tr style=\"height: 41px;\" valign=\"top\">\n<td style=\"height: 41px; width: 9%;\">\n<div><strong>\u00a7 16<\/strong><\/div>\n<\/td>\n<td style=\"height: 41px; width: 91%;\">\n<div>Der Konsum von Bet\u00e4ubungs- und Rauschmittel ist gem\u00e4\u00df BtMG Anh. 1-3 untersagt und kann in schweren F\u00e4llen eine Anzeige bei den Strafverfolgungsbeh\u00f6rden nach sich ziehen.<\/div>\n<\/td>\n<\/tr>\n<tr style=\"height: 41px;\" valign=\"top\">\n<td style=\"height: 41px; width: 9%;\">\n<div><strong>\u00a7 17<\/strong><\/div>\n<\/td>\n<td style=\"height: 41px; width: 91%;\">\n<div>Rauchen ist au\u00dfer in speziell ausgewiesenen Bereichen am Veranstaltungsort verboten. Bei Zuwiderhandlung erfolgt ein Ausschluss von der Veranstaltung.<\/div>\n<\/td>\n<\/tr>\n<tr style=\"height: 20px;\" valign=\"top\">\n<td style=\"height: 20px; width: 9%;\">\n<div><strong>\u00a7 18<\/strong><\/div>\n<\/td>\n<td style=\"height: 20px; width: 91%;\">\n<div>Das Mitf\u00fchren von Waffen jeglicher Art ist verboten. Ebenso sind Flugger\u00e4te (wie z.B. Drohnen, Helikopter oder \u00e4hnliches) im Veranstaltungsraum aufgrund der Rauchmelder bzw. Lichtschranken verboten.<\/div>\n<\/td>\n<\/tr>\n<tr style=\"height: 83px;\" valign=\"top\">\n<td style=\"height: 83px; width: 9%;\">\n<div><strong>\u00a7 19<\/strong><\/div>\n<\/td>\n<td style=\"height: 83px; width: 91%;\">\n<div>Vors\u00e4tzliche Angriffe auf das Netzwerk (Aktionen, welche die Funktionalit\u00e4t des Netzwerks beeintr\u00e4chtigen) f\u00fchren in jedem Fall zum Ausschluss von der Veranstaltung und k\u00f6nnen die Sicherstellung der Beweismittel und Anzeige bei den Strafverfolgungsbeh\u00f6rden nach sich ziehen. Die zuwiderhandelnde Person kann f\u00fcr den verursachten Ausfall finanziell haftbar gemacht werden.<\/div>\n<\/td>\n<\/tr>\n<tr style=\"height: 62px;\" valign=\"top\">\n<td style=\"height: 62px; width: 9%;\">\n<div><strong>\u00a7 20<\/strong><\/div>\n<\/td>\n<td style=\"height: 62px; width: 91%;\">\n<div>Jeder Teilnehmer hat daf\u00fcr zu sorgen, dass sein Rechner w\u00e4hrend der Veranstaltung virenfrei ist. Wird festgestellt, dass ein Computer \u00fcber das Netzwerk Viren bzw. Trojaner verteilt, wird dieser bis zur vollst\u00e4ndigen S\u00e4uberung des Computers vom Netzwerk ausgeschlossen.<\/div>\n<\/td>\n<\/tr>\n<tr style=\"height: 20px;\" valign=\"top\">\n<td style=\"height: 20px; width: 9%;\">\n<div><strong>\u00a7 21<\/strong><\/div>\n<\/td>\n<td style=\"height: 20px; width: 91%;\">\n<div>Auf der Veranstaltung gelten alle in Deutschland geltenden Regelungen (J\u00d6SchG, VeranstG etc.).<\/div>\n<\/td>\n<\/tr>\n<tr style=\"height: 124px;\" valign=\"top\">\n<td style=\"height: 124px; width: 9%;\">\n<div><strong>\u00a7 22<\/strong><\/div>\n<\/td>\n<td style=\"height: 124px; width: 91%;\">\n<div>Ton-, Bild- und Filmaufnahmen<br><br>a) Ton-, Bild- und Filmaufnahmen \u2013 auch f\u00fcr den privaten Gebrauch \u2013 sind ausdr\u00fccklich nicht erlaubt. Dies gilt auch f\u00fcr die Benutzung von Mobiltelefonen oder sonstiger Ger\u00e4te mit entsprechenden Funktionen zum Zweck der Ton- und Bildaufzeichnung.<br>b) S\u00e4mtliche Rechte an Ton-, Bild- und Filmaufnahmen der Veranstaltung zum Zwecke einer kommerziellen Verwertung liegen ausschlie\u00dflich beim Veranstalter.<br>c) Der Veranstalter darf die Veranstaltung filmen, fotografieren und Audio- und audiovisuelle Aufnahmen anfertigen. Dies kann jeweils das Publikum einschlie\u00dfen. Der Besucher willigt unwiderruflich in die unentgeltliche Verwendung seines Bildnisses und seiner Stimme in diesem Zusammenhang ein, sowie in deren anschlie\u00dfende Verwertung in allen gegenw\u00e4rtigen und zuk\u00fcnftigen Medien (wie insbesondere in Form von Ton-, Bild- und Videotr\u00e4gern sowie der digitalen Verbreitung, z.B. \u00fcber das Internet) ein.<\/div>\n<\/td>\n<\/tr>\n<tr style=\"height: 124px;\" valign=\"top\">\n<td style=\"height: 124px; width: 9%;\">\n<div><strong>\u00a7 23<\/strong><\/div>\n<\/td>\n<td style=\"height: 124px; width: 91%;\">\n<div>Infektionsschutz und Gesundheitskontrollen<br><br>a) Der Veranstalter wird die am Ort der Veranstaltung zum Zeitpunkt der Veranstaltung geltenden gesetzlichen und beh\u00f6rdlichen Regelungen des Infektionsschutzes \u2013 insbesondere im Zusammenhang mit der Ausbreitung des Coronavirus \u2013 beachten und beh\u00e4lt sich vor, zum Infektionsschutz erforderliche und angemessene Ma\u00dfnahmen und Anordnungen zu treffen. Dies umfasst insbesondere Einlassbeschr\u00e4nkungen (wie z.B. die Vorlage eines aktuellen negativen Tests auf das Coronavirus oder eines geeigneten Immunisierungsnachweises, Gesundheitskontrollen wie z.B. Messungen der K\u00f6rpertemperatur) und\/oder ein Schutz- und Hygienekonzept (einschlie\u00dflich des Erfordernisses des Tragens von medizinischen Mund-Nase-Bedeckungen, Abstands- und Hygieneregeln usw.).<br>b) Der Veranstalter weist darauf hin, dass auch bei vollst\u00e4ndiger Umsetzung eines angemessenen Schutz- und Hygienekonzepts sowie der Einhaltung aller gebotenen Hygienema\u00dfnahmen eine Infektion des Besuchers mit dem Coronavirus oder anderen Krankheitserregern nicht vollst\u00e4ndig ausgeschlossen werden kann.<\/div>\n<\/td>\n<\/tr>\n<tr style=\"height: 124px;\" valign=\"top\">\n<td style=\"height: 124px; width: 9%;\">\n<div><strong>\u00a7 24<\/strong><\/div>\n<\/td>\n<td style=\"height: 124px; width: 91%;\">\n<div>Sollten Bestimmungen dieser Allgemeinen Gesch\u00e4ftsbedingungen unwirksam sein oder werden, so ber\u00fchrt dies die Wirksamkeit der \u00fcbrigen Bestimmungen nicht. Vielmehr gilt anstelle jeder unwirksamen Bestimmung eine dem Zweck der Vereinbarung entsprechende oder zumindest nahe kommende Ersatzbestimmung, wie sie die Parteien zur Erreichung des gleichen wirtschaftlichen Ergebnisses vereinbart h\u00e4tten, wenn sie die Unwirksamkeit der Bestimmung gekannt h\u00e4tten. Entsprechendes gilt f\u00fcr Unvollst\u00e4ndigkeiten.<\/div>\n<\/td>\n<\/tr>\n<\/tbody>\n<\/table>\n\n\n\n\n\n\n<table id=\"agb\" style=\"width: 100%; height: 20px;\" border=\"0\" cellspacing=\"0\" cellpadding=\"0\">\n<tbody>\n<tr style=\"height: 20px;\" valign=\"top\">\n<td style=\"height: 20px;\">&nbsp;<\/td>\n<td style=\"height: 20px;\">&nbsp;<\/td>\n<\/tr>\n<\/tbody>\n<\/table>\n","protected":false},"excerpt":{"rendered":"<p>Allgemeine Gesch\u00e4ftsbedingungen f\u00fcr Veranstaltungen des TaunusLAN e.V.: \u00a7 1 Der Verein TaunusLAN, im folgenden TaunusLAN e.V. genannt, erbringt alle Leistungen ausschlie\u00dflich auf Grundlage dieser Gesch\u00e4ftsbedingungen. \u00a7 2 TaunusLAN e.V. ist berechtigt, diese Allgemeinen Gesch\u00e4ftsbedingungen mit einer angemessenen Ank\u00fcndigungsfrist zu \u00e4ndern oder zu erg\u00e4nzen. Die Ank\u00fcndigung erfolgt ausschlie\u00dflich durch Ver\u00f6ffentlichung im Internet auf den Seiten von [&hellip;]<\/p>\n","protected":false},"author":3,"featured_media":0,"parent":46,"menu_order":1,"comment_status":"closed","ping_status":"open","template":"","meta":{"ngg_post_thumbnail":0,"ocean_post_layout":"","ocean_both_sidebars_style":"","ocean_both_sidebars_content_width":0,"ocean_both_sidebars_sidebars_width":0,"ocean_sidebar":"","ocean_second_sidebar":"","ocean_disable_margins":"enable","ocean_add_body_class":"","ocean_shortcode_before_top_bar":"","ocean_shortcode_after_top_bar":"","ocean_shortcode_before_header":"","ocean_shortcode_after_header":"","ocean_has_shortcode":"","ocean_shortcode_after_title":"","ocean_shortcode_before_footer_widgets":"","ocean_shortcode_after_footer_widgets":"","ocean_shortcode_before_footer_bottom":"","ocean_shortcode_after_footer_bottom":"","ocean_display_top_bar":"default","ocean_display_header":"default","ocean_header_style":"","ocean_center_header_left_menu":"","ocean_custom_header_template":"","ocean_custom_logo":0,"ocean_custom_retina_logo":0,"ocean_custom_logo_max_width":0,"ocean_custom_logo_tablet_max_width":0,"ocean_custom_logo_mobile_max_width":0,"ocean_custom_logo_max_height":0,"ocean_custom_logo_tablet_max_height":0,"ocean_custom_logo_mobile_max_height":0,"ocean_header_custom_menu":"","ocean_menu_typo_font_family":"","ocean_menu_typo_font_subset":"","ocean_menu_typo_font_size":0,"ocean_menu_typo_font_size_tablet":0,"ocean_menu_typo_font_size_mobile":0,"ocean_menu_typo_font_size_unit":"px","ocean_menu_typo_font_weight":"","ocean_menu_typo_font_weight_tablet":"","ocean_menu_typo_font_weight_mobile":"","ocean_menu_typo_transform":"","ocean_menu_typo_transform_tablet":"","ocean_menu_typo_transform_mobile":"","ocean_menu_typo_line_height":0,"ocean_menu_typo_line_height_tablet":0,"ocean_menu_typo_line_height_mobile":0,"ocean_menu_typo_line_height_unit":"","ocean_menu_typo_spacing":0,"ocean_menu_typo_spacing_tablet":0,"ocean_menu_typo_spacing_mobile":0,"ocean_menu_typo_spacing_unit":"","ocean_menu_link_color":"","ocean_menu_link_color_hover":"","ocean_menu_link_color_active":"","ocean_menu_link_background":"","ocean_menu_link_hover_background":"","ocean_menu_link_active_background":"","ocean_menu_social_links_bg":"","ocean_menu_social_hover_links_bg":"","ocean_menu_social_links_color":"","ocean_menu_social_hover_links_color":"","ocean_disable_title":"default","ocean_disable_heading":"default","ocean_post_title":"","ocean_post_subheading":"","ocean_post_title_style":"","ocean_post_title_background_color":"","ocean_post_title_background":0,"ocean_post_title_bg_image_position":"","ocean_post_title_bg_image_attachment":"","ocean_post_title_bg_image_repeat":"","ocean_post_title_bg_image_size":"","ocean_post_title_height":0,"ocean_post_title_bg_overlay":0.5,"ocean_post_title_bg_overlay_color":"","ocean_disable_breadcrumbs":"default","ocean_breadcrumbs_color":"","ocean_breadcrumbs_separator_color":"","ocean_breadcrumbs_links_color":"","ocean_breadcrumbs_links_hover_color":"","ocean_display_footer_widgets":"default","ocean_display_footer_bottom":"default","ocean_custom_footer_template":"","footnotes":""},"class_list":["post-81","page","type-page","status-publish","hentry","entry"],"_links":{"self":[{"href":"https:\/\/taunuslan.net\/site\/wp-json\/wp\/v2\/pages\/81","targetHints":{"allow":["GET"]}}],"collection":[{"href":"https:\/\/taunuslan.net\/site\/wp-json\/wp\/v2\/pages"}],"about":[{"href":"https:\/\/taunuslan.net\/site\/wp-json\/wp\/v2\/types\/page"}],"author":[{"embeddable":true,"href":"https:\/\/taunuslan.net\/site\/wp-json\/wp\/v2\/users\/3"}],"replies":[{"embeddable":true,"href":"https:\/\/taunuslan.net\/site\/wp-json\/wp\/v2\/comments?post=81"}],"version-history":[{"count":17,"href":"https:\/\/taunuslan.net\/site\/wp-json\/wp\/v2\/pages\/81\/revisions"}],"predecessor-version":[{"id":1760,"href":"https:\/\/taunuslan.net\/site\/wp-json\/wp\/v2\/pages\/81\/revisions\/1760"}],"up":[{"embeddable":true,"href":"https:\/\/taunuslan.net\/site\/wp-json\/wp\/v2\/pages\/46"}],"wp:attachment":[{"href":"https:\/\/taunuslan.net\/site\/wp-json\/wp\/v2\/media?parent=81"}],"curies":[{"name":"wp","href":"https:\/\/api.w.org\/{rel}","templated":true}]}}